{"id":66,"date":"2023-10-16T16:44:37","date_gmt":"2023-10-16T16:44:37","guid":{"rendered":"https:\/\/themeholy.com\/wordpress\/frutin\/?page_id=66"},"modified":"2024-11-13T15:01:45","modified_gmt":"2024-11-13T15:01:45","slug":"iletisim","status":"publish","type":"page","link":"https:\/\/ernmatbaa.com\/?page_id=66","title":{"rendered":"\u0130leti\u015fim"},"content":{"rendered":"\t\t<div data-elementor-type=\"wp-page\" data-elementor-id=\"66\" class=\"elementor elementor-66\">\n\t\t\t\t\n<div class=\"elementor-element elementor-element-b35f688 e-flex e-con-boxed e-con e-parent\" data-id=\"b35f688\" data-element_type=\"container\" data-settings=\"{&quot;background_background&quot;:&quot;classic&quot;}\">\n\t\t\t\t\t<div class=\"e-con-inner\">\n\t\t\n\t\t<div class=\"elementor-element elementor-element-68a3679 elementor-widget elementor-widget-frutinsectiontitle\" data-id=\"68a3679\" data-element_type=\"widget\" data-widget_type=\"frutinsectiontitle.default\">\n\t\t\t\t<div class=\"elementor-widget-container\">\n\t\t\t\t\t<div class=\"title-area-wrap\">\n\t\t\t<div class=\"title-area \">\n\t\t\t\t\t\t\t\t<span class=\"sub-title \">\n\t\t\t\t\t<img decoding=\"async\" src=\"https:\/\/ernmatbaa.com\/wp-content\/uploads\/2024\/11\/ico1.png\" alt=\"ico1\"  \/>ERN Matbaa\t\t\t\t<\/span>\n\t\t\t\t\t\t\t\t<h2 class=\"sec-title\">\u0130leti\u015fim Bilgileri<\/h2>\t\t\t<\/div>\n\t\t<\/div>\n\t\t\n\n\t\t\t<\/div>\n\t\t\t\t<\/div>\n\t\t\t\t\t<\/div>\n\t\t\t\t<\/div>\n\t\t<div class=\"elementor-element elementor-element-4c5d456 e-flex e-con-boxed e-con e-parent\" data-id=\"4c5d456\" data-element_type=\"container\">\n\t\t\t\t\t<div class=\"e-con-inner\">\n\t\t\t\t<div class=\"elementor-element elementor-element-c6b2262 elementor-widget elementor-widget-image\" data-id=\"c6b2262\" data-element_type=\"widget\" data-widget_type=\"image.default\">\n\t\t\t\t<div class=\"elementor-widget-container\">\n\t\t\t\t\t\t\t\t\t\t\t\t\t<img decoding=\"async\" width=\"295\" height=\"93\" src=\"https:\/\/ernmatbaa.com\/wp-content\/uploads\/2024\/11\/logo1.png\" class=\"attachment-large size-large wp-image-3299\" alt=\"\" srcset=\"https:\/\/ernmatbaa.com\/wp-content\/uploads\/2024\/11\/logo1.png 295w, https:\/\/ernmatbaa.com\/wp-content\/uploads\/2024\/11\/logo1-200x63.png 200w\" sizes=\"(max-width: 295px) 100vw, 295px\" \/>\t\t\t\t\t\t\t\t\t\t\t\t\t<\/div>\n\t\t\t\t<\/div>\n\t\t\t\t<div class=\"elementor-element elementor-element-3c546dc elementor-widget elementor-widget-text-editor\" data-id=\"3c546dc\" data-element_type=\"widget\" data-widget_type=\"text-editor.default\">\n\t\t\t\t<div class=\"elementor-widget-container\">\n\t\t\t\t\t\t\t<p><strong>Bat\u0131 Mah. Vi\u015fne Sk. No: 1\/C Pendik \/ \u0130stanbul<br \/>ernmatbaa@gmail.com<br \/><\/strong><\/p>\t\t\t\t\t\t<\/div>\n\t\t\t\t<\/div>\n\t\t\t\t<div class=\"elementor-element elementor-element-f3b4469 elementor-widget elementor-widget-heading\" data-id=\"f3b4469\" data-element_type=\"widget\" data-widget_type=\"heading.default\">\n\t\t\t\t<div class=\"elementor-widget-container\">\n\t\t\t<h2 class=\"elementor-heading-title elementor-size-default\">0545 398 31 92<\/h2>\t\t<\/div>\n\t\t\t\t<\/div>\n\t\t\t\t\t<\/div>\n\t\t\t\t<\/div>\n\t\t<div class=\"elementor-element elementor-element-d9dfb16 e-con-full e-flex e-con e-parent\" data-id=\"d9dfb16\" data-element_type=\"container\">\n\t\t\t\t<div class=\"elementor-element elementor-element-9ad64a3 elementor-widget elementor-widget-google_maps\" data-id=\"9ad64a3\" data-element_type=\"widget\" data-widget_type=\"google_maps.default\">\n\t\t\t\t<div class=\"elementor-widget-container\">\n\t\t\t\t\t<div class=\"elementor-custom-embed\">\n\t\t\t<iframe loading=\"lazy\"\n\t\t\t\t\tsrc=\"https:\/\/maps.google.com\/maps?q=Bat%C4%B1%20Mah.%20Vi%C5%9Fne%20Sk.%20No%3A%201%2FC%20Pendik%20%2F%20%C4%B0stanbul&#038;t=m&#038;z=16&#038;output=embed&#038;iwloc=near\"\n\t\t\t\t\ttitle=\"Bat\u0131 Mah. Vi\u015fne Sk. No: 1\/C Pendik \/ \u0130stanbul\"\n\t\t\t\t\taria-label=\"Bat\u0131 Mah. Vi\u015fne Sk. No: 1\/C Pendik \/ \u0130stanbul\"\n\t\t\t><\/iframe>\n\t\t<\/div>\n\t\t\t\t<\/div>\n\t\t\t\t<\/div>\n\t\t\t\t<\/div>\n\t\t\t\t<\/div>\n\t\t","protected":false},"excerpt":{"rendered":"<p>ERN Matbaa \u0130leti\u015fim Bilgileri Bat\u0131 Mah. Vi\u015fne Sk. No: 1\/C Pendik \/ \u0130stanbulernmatbaa@gmail.com 0545 398 31 92<\/p>\n","protected":false},"author":1,"featured_media":0,"parent":0,"menu_order":0,"comment_status":"closed","ping_status":"closed","template":"template-builder.php","meta":{"footnotes":""},"class_list":["post-66","page","type-page","status-publish","hentry"],"_links":{"self":[{"href":"https:\/\/ernmatbaa.com\/index.php?rest_route=\/wp\/v2\/pages\/66","targetHints":{"allow":["GET"]}}],"collection":[{"href":"https:\/\/ernmatbaa.com\/index.php?rest_route=\/wp\/v2\/pages"}],"about":[{"href":"https:\/\/ernmatbaa.com\/index.php?rest_route=\/wp\/v2\/types\/page"}],"author":[{"embeddable":true,"href":"https:\/\/ernmatbaa.com\/index.php?rest_route=\/wp\/v2\/users\/1"}],"replies":[{"embeddable":true,"href":"https:\/\/ernmatbaa.com\/index.php?rest_route=%2Fwp%2Fv2%2Fcomments&post=66"}],"version-history":[{"count":13,"href":"https:\/\/ernmatbaa.com\/index.php?rest_route=\/wp\/v2\/pages\/66\/revisions"}],"predecessor-version":[{"id":3318,"href":"https:\/\/ernmatbaa.com\/index.php?rest_route=\/wp\/v2\/pages\/66\/revisions\/3318"}],"wp:attachment":[{"href":"https:\/\/ernmatbaa.com\/index.php?rest_route=%2Fwp%2Fv2%2Fmedia&parent=66"}],"curies":[{"name":"wp","href":"https:\/\/api.w.org\/{rel}","templated":true}]}}