{"id":63,"date":"2023-10-16T16:44:09","date_gmt":"2023-10-16T16:44:09","guid":{"rendered":"https:\/\/themeholy.com\/wordpress\/frutin\/?page_id=63"},"modified":"2024-11-13T14:19:44","modified_gmt":"2024-11-13T14:19:44","slug":"hakkimizda","status":"publish","type":"page","link":"https:\/\/ernmatbaa.com\/?page_id=63","title":{"rendered":"Hakk\u0131m\u0131zda"},"content":{"rendered":"\t\t<div data-elementor-type=\"wp-page\" data-elementor-id=\"63\" class=\"elementor elementor-63\">\n\t\t\t\t\n<div class=\"elementor-element elementor-element-7ef3e65 e-flex e-con-boxed e-con e-parent\" data-id=\"7ef3e65\" data-element_type=\"container\" data-settings=\"{&quot;background_background&quot;:&quot;classic&quot;}\">\n\t\t\t\t\t<div class=\"e-con-inner\">\n\t\t\n\t\t<div class=\"elementor-element elementor-element-9d52a51 elementor-widget elementor-widget-frutinsectiontitle\" data-id=\"9d52a51\" data-element_type=\"widget\" data-widget_type=\"frutinsectiontitle.default\">\n\t\t\t\t<div class=\"elementor-widget-container\">\n\t\t\t\t\t<div class=\"title-area-wrap\">\n\t\t\t<div class=\"title-area \">\n\t\t\t\t\t\t\t\t<span class=\"sub-title \">\n\t\t\t\t\t<img decoding=\"async\" src=\"https:\/\/ernmatbaa.com\/wp-content\/uploads\/2024\/11\/ico1.png\" alt=\"ico1\"  \/>ERN Matbaa\t\t\t\t<\/span>\n\t\t\t\t\t\t\t\t<h2 class=\"sec-title\">Hakk\u0131m\u0131zda<\/h2>\t\t\t<\/div>\n\t\t<\/div>\n\t\t\n\n\t\t\t<\/div>\n\t\t\t\t<\/div>\n\t\t\t\t\t<\/div>\n\t\t\t\t<\/div>\n\t\t<div class=\"elementor-element elementor-element-55f1a02 e-flex e-con-boxed e-con e-parent\" data-id=\"55f1a02\" data-element_type=\"container\">\n\t\t\t\t\t<div class=\"e-con-inner\">\n\t\t<div class=\"elementor-element elementor-element-32eca62 e-con-full e-flex e-con e-child\" data-id=\"32eca62\" data-element_type=\"container\">\n\t\t\t\t<div class=\"elementor-element elementor-element-d60eb36 elementor-widget elementor-widget-frutinimage\" data-id=\"d60eb36\" data-element_type=\"widget\" data-widget_type=\"frutinimage.default\">\n\t\t\t\t<div class=\"elementor-widget-container\">\n\t\t\t<div class=\"img-box1\"><div class=\"img1\"><img decoding=\"async\" src=\"https:\/\/ernmatbaa.com\/wp-content\/uploads\/2024\/11\/kaseler3.jpg\" alt=\"kaseler3\"  \/><\/div><div class=\"img2\"><img decoding=\"async\" src=\"https:\/\/ernmatbaa.com\/wp-content\/uploads\/2024\/11\/promo3.jpg\" alt=\"promo3\"  \/><\/div><div class=\"shape1 movingX\"><img decoding=\"async\" src=\"https:\/\/ernmatbaa.com\/wp-content\/uploads\/2024\/11\/ico3.png\" alt=\"ico3\"  \/><\/div><div class=\"year-counter\"><div class=\"year-counter_number\"><span class=\"counter-number\">15<\/span>+<\/div><p class=\"year-counter_text\">YILLIK TECR\u00dcBE<\/p><\/div><\/div>\t\t<\/div>\n\t\t\t\t<\/div>\n\t\t\t\t<\/div>\n\t\t<div class=\"elementor-element elementor-element-e253460 e-con-full ps-xxl-5 ps-xl-2 ms-xl-1 text-center text-xl-start e-flex e-con e-child\" data-id=\"e253460\" data-element_type=\"container\">\n\t\t\t\t<div class=\"elementor-element elementor-element-39c23e1 elementor-widget elementor-widget-frutinsectiontitle\" data-id=\"39c23e1\" data-element_type=\"widget\" data-widget_type=\"frutinsectiontitle.default\">\n\t\t\t\t<div class=\"elementor-widget-container\">\n\t\t\t\t\t<div class=\"title-area-wrap\">\n\t\t\t<div class=\"title-area mb-32 \">\n\t\t\t\t\t\t\t\t<span class=\"sub-title \">\n\t\t\t\t\t<img decoding=\"async\" src=\"https:\/\/ernmatbaa.com\/wp-content\/uploads\/2024\/11\/ico1.png\" alt=\"ico1\"  \/>Kurumsal\t\t\t\t<\/span>\n\t\t\t\t\t\t\t\t<p class=\"sec-text \">15 y\u0131l\u0131 a\u015fk\u0131n bir s\u00fcredir matbaa ve dijital bask\u0131 sekt\u00f6r\u00fcnde hizmet veren firmam\u0131z, her ge\u00e7en g\u00fcn kendini yenileyerek m\u00fc\u015fterilerimize en kaliteli hizmeti sunmay\u0131 hedeflemektedir. Kuruldu\u011fumuz g\u00fcnden bu yana, sekt\u00f6rdeki yenilikleri yak\u0131ndan takip ediyor ve son teknolojiyi kullanan bir ekip olarak y\u00fcksek standartlarda bask\u0131 \u00e7\u00f6z\u00fcmleri \u00fcretiyoruz.\n<br><br>\nFirmam\u0131z, m\u00fc\u015fteri memnuniyetini \u00f6n planda tutarak, her t\u00fcrl\u00fc bask\u0131 ihtiyac\u0131n\u0131 titizlikle kar\u015f\u0131lamay\u0131 ilke edinmi\u015ftir. Profesyonel ekibimizle her projenin arkas\u0131nda detayl\u0131 bir \u00e7al\u0131\u015fma yap\u0131yor, yarat\u0131c\u0131 \u00e7\u00f6z\u00fcmlerle fark yaratan sonu\u00e7lara imza at\u0131yoruz. \u0130ster b\u00fcy\u00fck \u00f6l\u00e7ekli projeler, ister k\u00fc\u00e7\u00fck adetli sipari\u015fler olsun, her m\u00fc\u015fterimizin i\u015fine \u00f6zenle yakla\u015f\u0131yoruz.\n\nKaliteden \u00f6d\u00fcn vermeden, uygun fiyatlarla hizmet sunmay\u0131 misyon edinen firmam\u0131z, dijital bask\u0131, ofset bask\u0131, grafik tasar\u0131m ve promosyon \u00fcr\u00fcnleri gibi geni\u015f bir yelpazede hizmet sunmaktad\u0131r. 15 y\u0131ll\u0131k deneyimimizle, her ihtiyaca \u00f6zel \u00e7\u00f6z\u00fcmler sunuyor ve i\u015f ortaklar\u0131m\u0131zla uzun s\u00fcreli ili\u015fkiler kurmay\u0131 hedefliyoruz.\n<br><br>\nBizi tercih etti\u011finiz i\u00e7in te\u015fekk\u00fcr ederiz.<\/p>\t\t\t<\/div>\n\t\t<\/div>\n\t\t\n\n\t\t\t<\/div>\n\t\t\t\t<\/div>\n\t\t\t\t<\/div>\n\t\t\t\t\t<\/div>\n\t\t\t\t<\/div>\n\t\t\t\t<\/div>\n\t\t","protected":false},"excerpt":{"rendered":"<p>ERN Matbaa Hakk\u0131m\u0131zda 15+ YILLIK TECR\u00dcBE Kurumsal 15 y\u0131l\u0131 a\u015fk\u0131n bir s\u00fcredir matbaa ve dijital bask\u0131 sekt\u00f6r\u00fcnde hizmet veren firmam\u0131z, her ge\u00e7en g\u00fcn kendini yenileyerek m\u00fc\u015fterilerimize en kaliteli hizmeti sunmay\u0131 hedeflemektedir. Kuruldu\u011fumuz g\u00fcnden bu yana, sekt\u00f6rdeki yenilikleri yak\u0131ndan takip ediyor ve son teknolojiyi kullanan bir ekip olarak y\u00fcksek standartlarda bask\u0131 \u00e7\u00f6z\u00fcmleri \u00fcretiyoruz. Firmam\u0131z, m\u00fc\u015fteri memnuniyetini&#8230;<\/p>\n","protected":false},"author":1,"featured_media":0,"parent":0,"menu_order":0,"comment_status":"closed","ping_status":"closed","template":"template-builder.php","meta":{"footnotes":""},"class_list":["post-63","page","type-page","status-publish","hentry"],"_links":{"self":[{"href":"https:\/\/ernmatbaa.com\/index.php?rest_route=\/wp\/v2\/pages\/63","targetHints":{"allow":["GET"]}}],"collection":[{"href":"https:\/\/ernmatbaa.com\/index.php?rest_route=\/wp\/v2\/pages"}],"about":[{"href":"https:\/\/ernmatbaa.com\/index.php?rest_route=\/wp\/v2\/types\/page"}],"author":[{"embeddable":true,"href":"https:\/\/ernmatbaa.com\/index.php?rest_route=\/wp\/v2\/users\/1"}],"replies":[{"embeddable":true,"href":"https:\/\/ernmatbaa.com\/index.php?rest_route=%2Fwp%2Fv2%2Fcomments&post=63"}],"version-history":[{"count":35,"href":"https:\/\/ernmatbaa.com\/index.php?rest_route=\/wp\/v2\/pages\/63\/revisions"}],"predecessor-version":[{"id":3295,"href":"https:\/\/ernmatbaa.com\/index.php?rest_route=\/wp\/v2\/pages\/63\/revisions\/3295"}],"wp:attachment":[{"href":"https:\/\/ernmatbaa.com\/index.php?rest_route=%2Fwp%2Fv2%2Fmedia&parent=63"}],"curies":[{"name":"wp","href":"https:\/\/api.w.org\/{rel}","templated":true}]}}