{"id":3337,"date":"2024-11-14T07:25:54","date_gmt":"2024-11-14T07:25:54","guid":{"rendered":"https:\/\/ernmatbaa.com\/?page_id=3337"},"modified":"2024-12-06T12:51:28","modified_gmt":"2024-12-06T12:51:28","slug":"nikah-sekeri","status":"publish","type":"page","link":"https:\/\/ernmatbaa.com\/?page_id=3337","title":{"rendered":"Nikah \u015eekeri"},"content":{"rendered":"\t\t<div data-elementor-type=\"wp-page\" data-elementor-id=\"3337\" class=\"elementor elementor-3337\">\n\t\t\t\t\n<div class=\"elementor-element elementor-element-2e810aa e-flex e-con-boxed e-con e-parent\" data-id=\"2e810aa\" data-element_type=\"container\" data-settings=\"{&quot;background_background&quot;:&quot;classic&quot;}\">\n\t\t\t\t\t<div class=\"e-con-inner\">\n\t\t\n\t\t<div class=\"elementor-element elementor-element-2b134d1 elementor-widget elementor-widget-frutinsectiontitle\" data-id=\"2b134d1\" data-element_type=\"widget\" data-widget_type=\"frutinsectiontitle.default\">\n\t\t\t\t<div class=\"elementor-widget-container\">\n\t\t\t\t\t<div class=\"title-area-wrap\">\n\t\t\t<div class=\"title-area \">\n\t\t\t\t\t\t\t\t<span class=\"sub-title \">\n\t\t\t\t\t<img decoding=\"async\" src=\"https:\/\/ernmatbaa.com\/wp-content\/uploads\/2024\/11\/ico1.png\" alt=\"ico1\"  \/>ERN Matbaa\t\t\t\t<\/span>\n\t\t\t\t\t\t\t\t<h2 class=\"sec-title\">Nikah \u015eekeri<\/h2>\t\t\t<\/div>\n\t\t<\/div>\n\t\t\n\n\t\t\t<\/div>\n\t\t\t\t<\/div>\n\t\t\t\t\t<\/div>\n\t\t\t\t<\/div>\n\t\t<div class=\"elementor-element elementor-element-3e8452b e-flex e-con-boxed e-con e-parent\" data-id=\"3e8452b\" data-element_type=\"container\">\n\t\t\t\t\t<div class=\"e-con-inner\">\n\t\t<div class=\"elementor-element elementor-element-dcb3ce0 e-con-full e-flex e-con e-child\" data-id=\"dcb3ce0\" data-element_type=\"container\">\n\t\t\t\t<div class=\"elementor-element elementor-element-2578258 elementor-widget elementor-widget-image\" data-id=\"2578258\" data-element_type=\"widget\" data-widget_type=\"image.default\">\n\t\t\t\t<div class=\"elementor-widget-container\">\n\t\t\t\t\t\t\t\t\t\t<figure class=\"wp-caption\">\n\t\t\t\t\t\t\t\t\t\t\t<a href=\"https:\/\/ernmatbaa.com\/wp-content\/uploads\/2024\/12\/dd8.jpg\" data-elementor-open-lightbox=\"yes\" data-elementor-lightbox-title=\"ERN Matbaa\" data-e-action-hash=\"#elementor-action%3Aaction%3Dlightbox%26settings%3DeyJpZCI6MzU0MywidXJsIjoiaHR0cHM6XC9cL2Vybm1hdGJhYS5jb21cL3dwLWNvbnRlbnRcL3VwbG9hZHNcLzIwMjRcLzEyXC9kZDguanBnIn0%3D\">\n\t\t\t\t\t\t\t<img fetchpriority=\"high\" decoding=\"async\" width=\"1200\" height=\"864\" src=\"https:\/\/ernmatbaa.com\/wp-content\/uploads\/2024\/12\/dd8.jpg\" class=\"attachment-full size-full wp-image-3543\" alt=\"\" srcset=\"https:\/\/ernmatbaa.com\/wp-content\/uploads\/2024\/12\/dd8.jpg 1200w, https:\/\/ernmatbaa.com\/wp-content\/uploads\/2024\/12\/dd8-300x216.jpg 300w, https:\/\/ernmatbaa.com\/wp-content\/uploads\/2024\/12\/dd8-1024x737.jpg 1024w, https:\/\/ernmatbaa.com\/wp-content\/uploads\/2024\/12\/dd8-768x553.jpg 768w, https:\/\/ernmatbaa.com\/wp-content\/uploads\/2024\/12\/dd8-200x144.jpg 200w, https:\/\/ernmatbaa.com\/wp-content\/uploads\/2024\/12\/dd8-600x432.jpg 600w\" sizes=\"(max-width: 1200px) 100vw, 1200px\" \/>\t\t\t\t\t\t\t\t<\/a>\n\t\t\t\t\t\t\t\t\t\t\t<figcaption class=\"widget-image-caption wp-caption-text\"><\/figcaption>\n\t\t\t\t\t\t\t\t\t\t<\/figure>\n\t\t\t\t\t\t\t<\/div>\n\t\t\t\t<\/div>\n\t\t\t\t<div class=\"elementor-element elementor-element-f3b8241 elementor-widget elementor-widget-heading\" data-id=\"f3b8241\" data-element_type=\"widget\" data-widget_type=\"heading.default\">\n\t\t\t\t<div class=\"elementor-widget-container\">\n\t\t\t<h6 class=\"elementor-heading-title elementor-size-default\">S\u00f6z<\/h6>\t\t<\/div>\n\t\t\t\t<\/div>\n\t\t\t\t<\/div>\n\t\t<div class=\"elementor-element elementor-element-9144e48 e-con-full e-flex e-con e-child\" data-id=\"9144e48\" data-element_type=\"container\">\n\t\t\t\t<div class=\"elementor-element elementor-element-6b39601 elementor-widget elementor-widget-image\" data-id=\"6b39601\" data-element_type=\"widget\" data-widget_type=\"image.default\">\n\t\t\t\t<div class=\"elementor-widget-container\">\n\t\t\t\t\t\t\t\t\t\t<figure class=\"wp-caption\">\n\t\t\t\t\t\t\t\t\t\t\t<a href=\"https:\/\/ernmatbaa.com\/wp-content\/uploads\/2024\/12\/dd9.jpg\" data-elementor-open-lightbox=\"yes\" data-elementor-lightbox-title=\"ERN Matbaa\" data-e-action-hash=\"#elementor-action%3Aaction%3Dlightbox%26settings%3DeyJpZCI6MzU0NCwidXJsIjoiaHR0cHM6XC9cL2Vybm1hdGJhYS5jb21cL3dwLWNvbnRlbnRcL3VwbG9hZHNcLzIwMjRcLzEyXC9kZDkuanBnIn0%3D\">\n\t\t\t\t\t\t\t<img decoding=\"async\" width=\"1200\" height=\"864\" src=\"https:\/\/ernmatbaa.com\/wp-content\/uploads\/2024\/12\/dd9.jpg\" class=\"attachment-full size-full wp-image-3544\" alt=\"\" srcset=\"https:\/\/ernmatbaa.com\/wp-content\/uploads\/2024\/12\/dd9.jpg 1200w, https:\/\/ernmatbaa.com\/wp-content\/uploads\/2024\/12\/dd9-300x216.jpg 300w, https:\/\/ernmatbaa.com\/wp-content\/uploads\/2024\/12\/dd9-1024x737.jpg 1024w, https:\/\/ernmatbaa.com\/wp-content\/uploads\/2024\/12\/dd9-768x553.jpg 768w, https:\/\/ernmatbaa.com\/wp-content\/uploads\/2024\/12\/dd9-200x144.jpg 200w, https:\/\/ernmatbaa.com\/wp-content\/uploads\/2024\/12\/dd9-600x432.jpg 600w\" sizes=\"(max-width: 1200px) 100vw, 1200px\" \/>\t\t\t\t\t\t\t\t<\/a>\n\t\t\t\t\t\t\t\t\t\t\t<figcaption class=\"widget-image-caption wp-caption-text\"><\/figcaption>\n\t\t\t\t\t\t\t\t\t\t<\/figure>\n\t\t\t\t\t\t\t<\/div>\n\t\t\t\t<\/div>\n\t\t\t\t<div class=\"elementor-element elementor-element-fcf9640 elementor-widget elementor-widget-heading\" data-id=\"fcf9640\" data-element_type=\"widget\" data-widget_type=\"heading.default\">\n\t\t\t\t<div class=\"elementor-widget-container\">\n\t\t\t<h6 class=\"elementor-heading-title elementor-size-default\">Ni\u015fan<\/h6>\t\t<\/div>\n\t\t\t\t<\/div>\n\t\t\t\t<\/div>\n\t\t<div class=\"elementor-element elementor-element-37539f4 e-con-full e-flex e-con e-child\" data-id=\"37539f4\" data-element_type=\"container\">\n\t\t\t\t<div class=\"elementor-element elementor-element-79c6456 elementor-widget elementor-widget-image\" data-id=\"79c6456\" data-element_type=\"widget\" data-widget_type=\"image.default\">\n\t\t\t\t<div class=\"elementor-widget-container\">\n\t\t\t\t\t\t\t\t\t\t<figure class=\"wp-caption\">\n\t\t\t\t\t\t\t\t\t\t\t<a href=\"https:\/\/ernmatbaa.com\/wp-content\/uploads\/2024\/12\/dd3.jpg\" data-elementor-open-lightbox=\"yes\" data-elementor-lightbox-title=\"ERN Matbaa\" data-e-action-hash=\"#elementor-action%3Aaction%3Dlightbox%26settings%3DeyJpZCI6MzUzOCwidXJsIjoiaHR0cHM6XC9cL2Vybm1hdGJhYS5jb21cL3dwLWNvbnRlbnRcL3VwbG9hZHNcLzIwMjRcLzEyXC9kZDMuanBnIn0%3D\">\n\t\t\t\t\t\t\t<img decoding=\"async\" width=\"1200\" height=\"864\" src=\"https:\/\/ernmatbaa.com\/wp-content\/uploads\/2024\/12\/dd3.jpg\" class=\"attachment-full size-full wp-image-3538\" alt=\"\" srcset=\"https:\/\/ernmatbaa.com\/wp-content\/uploads\/2024\/12\/dd3.jpg 1200w, https:\/\/ernmatbaa.com\/wp-content\/uploads\/2024\/12\/dd3-300x216.jpg 300w, https:\/\/ernmatbaa.com\/wp-content\/uploads\/2024\/12\/dd3-1024x737.jpg 1024w, https:\/\/ernmatbaa.com\/wp-content\/uploads\/2024\/12\/dd3-768x553.jpg 768w, https:\/\/ernmatbaa.com\/wp-content\/uploads\/2024\/12\/dd3-200x144.jpg 200w, https:\/\/ernmatbaa.com\/wp-content\/uploads\/2024\/12\/dd3-600x432.jpg 600w\" sizes=\"(max-width: 1200px) 100vw, 1200px\" \/>\t\t\t\t\t\t\t\t<\/a>\n\t\t\t\t\t\t\t\t\t\t\t<figcaption class=\"widget-image-caption wp-caption-text\"><\/figcaption>\n\t\t\t\t\t\t\t\t\t\t<\/figure>\n\t\t\t\t\t\t\t<\/div>\n\t\t\t\t<\/div>\n\t\t\t\t<div class=\"elementor-element elementor-element-362f62f elementor-widget elementor-widget-heading\" data-id=\"362f62f\" data-element_type=\"widget\" data-widget_type=\"heading.default\">\n\t\t\t\t<div class=\"elementor-widget-container\">\n\t\t\t<h6 class=\"elementor-heading-title elementor-size-default\">K\u0131na<\/h6>\t\t<\/div>\n\t\t\t\t<\/div>\n\t\t\t\t<\/div>\n\t\t<div class=\"elementor-element elementor-element-fa75736 e-con-full e-flex e-con e-child\" data-id=\"fa75736\" data-element_type=\"container\">\n\t\t\t\t<div class=\"elementor-element elementor-element-40b9971 elementor-widget elementor-widget-image\" data-id=\"40b9971\" data-element_type=\"widget\" data-widget_type=\"image.default\">\n\t\t\t\t<div class=\"elementor-widget-container\">\n\t\t\t\t\t\t\t\t\t\t<figure class=\"wp-caption\">\n\t\t\t\t\t\t\t\t\t\t\t<a href=\"https:\/\/ernmatbaa.com\/wp-content\/uploads\/2024\/12\/dd1.jpg\" data-elementor-open-lightbox=\"yes\" data-elementor-lightbox-title=\"ERN Matbaa\" data-e-action-hash=\"#elementor-action%3Aaction%3Dlightbox%26settings%3DeyJpZCI6MzUzNiwidXJsIjoiaHR0cHM6XC9cL2Vybm1hdGJhYS5jb21cL3dwLWNvbnRlbnRcL3VwbG9hZHNcLzIwMjRcLzEyXC9kZDEuanBnIn0%3D\">\n\t\t\t\t\t\t\t<img loading=\"lazy\" decoding=\"async\" width=\"1200\" height=\"864\" src=\"https:\/\/ernmatbaa.com\/wp-content\/uploads\/2024\/12\/dd1.jpg\" class=\"attachment-full size-full wp-image-3536\" alt=\"\" srcset=\"https:\/\/ernmatbaa.com\/wp-content\/uploads\/2024\/12\/dd1.jpg 1200w, https:\/\/ernmatbaa.com\/wp-content\/uploads\/2024\/12\/dd1-300x216.jpg 300w, https:\/\/ernmatbaa.com\/wp-content\/uploads\/2024\/12\/dd1-1024x737.jpg 1024w, https:\/\/ernmatbaa.com\/wp-content\/uploads\/2024\/12\/dd1-768x553.jpg 768w, https:\/\/ernmatbaa.com\/wp-content\/uploads\/2024\/12\/dd1-200x144.jpg 200w, https:\/\/ernmatbaa.com\/wp-content\/uploads\/2024\/12\/dd1-600x432.jpg 600w\" sizes=\"(max-width: 1200px) 100vw, 1200px\" \/>\t\t\t\t\t\t\t\t<\/a>\n\t\t\t\t\t\t\t\t\t\t\t<figcaption class=\"widget-image-caption wp-caption-text\"><\/figcaption>\n\t\t\t\t\t\t\t\t\t\t<\/figure>\n\t\t\t\t\t\t\t<\/div>\n\t\t\t\t<\/div>\n\t\t\t\t<div class=\"elementor-element elementor-element-1377995 elementor-widget elementor-widget-heading\" data-id=\"1377995\" data-element_type=\"widget\" data-widget_type=\"heading.default\">\n\t\t\t\t<div class=\"elementor-widget-container\">\n\t\t\t<h6 class=\"elementor-heading-title elementor-size-default\">D\u00fc\u011f\u00fcn<\/h6>\t\t<\/div>\n\t\t\t\t<\/div>\n\t\t\t\t<\/div>\n\t\t\t\t\t<\/div>\n\t\t\t\t<\/div>\n\t\t<div class=\"elementor-element elementor-element-8e26acc e-flex e-con-boxed e-con e-parent\" data-id=\"8e26acc\" data-element_type=\"container\">\n\t\t\t\t\t<div class=\"e-con-inner\">\n\t\t<div class=\"elementor-element elementor-element-17abba3 e-con-full e-flex e-con e-child\" data-id=\"17abba3\" data-element_type=\"container\">\n\t\t\t\t<div class=\"elementor-element elementor-element-5fce6f8 elementor-widget elementor-widget-image\" data-id=\"5fce6f8\" data-element_type=\"widget\" data-widget_type=\"image.default\">\n\t\t\t\t<div class=\"elementor-widget-container\">\n\t\t\t\t\t\t\t\t\t\t<figure class=\"wp-caption\">\n\t\t\t\t\t\t\t\t\t\t\t<a href=\"https:\/\/ernmatbaa.com\/wp-content\/uploads\/2024\/12\/dd5.jpg\" data-elementor-open-lightbox=\"yes\" data-elementor-lightbox-title=\"ERN Matbaa\" data-e-action-hash=\"#elementor-action%3Aaction%3Dlightbox%26settings%3DeyJpZCI6MzU0MCwidXJsIjoiaHR0cHM6XC9cL2Vybm1hdGJhYS5jb21cL3dwLWNvbnRlbnRcL3VwbG9hZHNcLzIwMjRcLzEyXC9kZDUuanBnIn0%3D\">\n\t\t\t\t\t\t\t<img loading=\"lazy\" decoding=\"async\" width=\"1200\" height=\"864\" src=\"https:\/\/ernmatbaa.com\/wp-content\/uploads\/2024\/12\/dd5.jpg\" class=\"attachment-full size-full wp-image-3540\" alt=\"\" srcset=\"https:\/\/ernmatbaa.com\/wp-content\/uploads\/2024\/12\/dd5.jpg 1200w, https:\/\/ernmatbaa.com\/wp-content\/uploads\/2024\/12\/dd5-300x216.jpg 300w, https:\/\/ernmatbaa.com\/wp-content\/uploads\/2024\/12\/dd5-1024x737.jpg 1024w, https:\/\/ernmatbaa.com\/wp-content\/uploads\/2024\/12\/dd5-768x553.jpg 768w, https:\/\/ernmatbaa.com\/wp-content\/uploads\/2024\/12\/dd5-200x144.jpg 200w, https:\/\/ernmatbaa.com\/wp-content\/uploads\/2024\/12\/dd5-600x432.jpg 600w\" sizes=\"(max-width: 1200px) 100vw, 1200px\" \/>\t\t\t\t\t\t\t\t<\/a>\n\t\t\t\t\t\t\t\t\t\t\t<figcaption class=\"widget-image-caption wp-caption-text\"><\/figcaption>\n\t\t\t\t\t\t\t\t\t\t<\/figure>\n\t\t\t\t\t\t\t<\/div>\n\t\t\t\t<\/div>\n\t\t\t\t<div class=\"elementor-element elementor-element-b40ab7f elementor-widget elementor-widget-heading\" data-id=\"b40ab7f\" data-element_type=\"widget\" data-widget_type=\"heading.default\">\n\t\t\t\t<div class=\"elementor-widget-container\">\n\t\t\t<h6 class=\"elementor-heading-title elementor-size-default\">S\u00fcnnet Mevlidi<\/h6>\t\t<\/div>\n\t\t\t\t<\/div>\n\t\t\t\t<\/div>\n\t\t<div class=\"elementor-element elementor-element-c651a65 e-con-full e-flex e-con e-child\" data-id=\"c651a65\" data-element_type=\"container\">\n\t\t\t\t<div class=\"elementor-element elementor-element-7737be0 elementor-widget elementor-widget-image\" data-id=\"7737be0\" data-element_type=\"widget\" data-widget_type=\"image.default\">\n\t\t\t\t<div class=\"elementor-widget-container\">\n\t\t\t\t\t\t\t\t\t\t<figure class=\"wp-caption\">\n\t\t\t\t\t\t\t\t\t\t\t<a href=\"https:\/\/ernmatbaa.com\/wp-content\/uploads\/2024\/12\/dd4.jpg\" data-elementor-open-lightbox=\"yes\" data-elementor-lightbox-title=\"ERN Matbaa\" data-e-action-hash=\"#elementor-action%3Aaction%3Dlightbox%26settings%3DeyJpZCI6MzUzOSwidXJsIjoiaHR0cHM6XC9cL2Vybm1hdGJhYS5jb21cL3dwLWNvbnRlbnRcL3VwbG9hZHNcLzIwMjRcLzEyXC9kZDQuanBnIn0%3D\">\n\t\t\t\t\t\t\t<img loading=\"lazy\" decoding=\"async\" width=\"1200\" height=\"864\" src=\"https:\/\/ernmatbaa.com\/wp-content\/uploads\/2024\/12\/dd4.jpg\" class=\"attachment-full size-full wp-image-3539\" alt=\"\" srcset=\"https:\/\/ernmatbaa.com\/wp-content\/uploads\/2024\/12\/dd4.jpg 1200w, https:\/\/ernmatbaa.com\/wp-content\/uploads\/2024\/12\/dd4-300x216.jpg 300w, https:\/\/ernmatbaa.com\/wp-content\/uploads\/2024\/12\/dd4-1024x737.jpg 1024w, https:\/\/ernmatbaa.com\/wp-content\/uploads\/2024\/12\/dd4-768x553.jpg 768w, https:\/\/ernmatbaa.com\/wp-content\/uploads\/2024\/12\/dd4-200x144.jpg 200w, https:\/\/ernmatbaa.com\/wp-content\/uploads\/2024\/12\/dd4-600x432.jpg 600w\" sizes=\"(max-width: 1200px) 100vw, 1200px\" \/>\t\t\t\t\t\t\t\t<\/a>\n\t\t\t\t\t\t\t\t\t\t\t<figcaption class=\"widget-image-caption wp-caption-text\"><\/figcaption>\n\t\t\t\t\t\t\t\t\t\t<\/figure>\n\t\t\t\t\t\t\t<\/div>\n\t\t\t\t<\/div>\n\t\t\t\t<div class=\"elementor-element elementor-element-671455a elementor-widget elementor-widget-heading\" data-id=\"671455a\" data-element_type=\"widget\" data-widget_type=\"heading.default\">\n\t\t\t\t<div class=\"elementor-widget-container\">\n\t\t\t<h6 class=\"elementor-heading-title elementor-size-default\">Bebek Mevlidi<\/h6>\t\t<\/div>\n\t\t\t\t<\/div>\n\t\t\t\t<\/div>\n\t\t<div class=\"elementor-element elementor-element-afba417 e-con-full e-flex e-con e-child\" data-id=\"afba417\" data-element_type=\"container\">\n\t\t\t\t<div class=\"elementor-element elementor-element-a988a4c elementor-widget elementor-widget-image\" data-id=\"a988a4c\" data-element_type=\"widget\" data-widget_type=\"image.default\">\n\t\t\t\t<div class=\"elementor-widget-container\">\n\t\t\t\t\t\t\t\t\t\t<figure class=\"wp-caption\">\n\t\t\t\t\t\t\t\t\t\t\t<a href=\"https:\/\/ernmatbaa.com\/wp-content\/uploads\/2024\/12\/dd7.jpg\" data-elementor-open-lightbox=\"yes\" data-elementor-lightbox-title=\"ERN Matbaa\" data-e-action-hash=\"#elementor-action%3Aaction%3Dlightbox%26settings%3DeyJpZCI6MzU0MiwidXJsIjoiaHR0cHM6XC9cL2Vybm1hdGJhYS5jb21cL3dwLWNvbnRlbnRcL3VwbG9hZHNcLzIwMjRcLzEyXC9kZDcuanBnIn0%3D\">\n\t\t\t\t\t\t\t<img loading=\"lazy\" decoding=\"async\" width=\"1600\" height=\"1152\" src=\"https:\/\/ernmatbaa.com\/wp-content\/uploads\/2024\/12\/dd7.jpg\" class=\"attachment-full size-full wp-image-3542\" alt=\"\" srcset=\"https:\/\/ernmatbaa.com\/wp-content\/uploads\/2024\/12\/dd7.jpg 1600w, https:\/\/ernmatbaa.com\/wp-content\/uploads\/2024\/12\/dd7-300x216.jpg 300w, https:\/\/ernmatbaa.com\/wp-content\/uploads\/2024\/12\/dd7-1024x737.jpg 1024w, https:\/\/ernmatbaa.com\/wp-content\/uploads\/2024\/12\/dd7-768x553.jpg 768w, https:\/\/ernmatbaa.com\/wp-content\/uploads\/2024\/12\/dd7-1536x1106.jpg 1536w, https:\/\/ernmatbaa.com\/wp-content\/uploads\/2024\/12\/dd7-200x144.jpg 200w, https:\/\/ernmatbaa.com\/wp-content\/uploads\/2024\/12\/dd7-600x432.jpg 600w\" sizes=\"(max-width: 1600px) 100vw, 1600px\" \/>\t\t\t\t\t\t\t\t<\/a>\n\t\t\t\t\t\t\t\t\t\t\t<figcaption class=\"widget-image-caption wp-caption-text\"><\/figcaption>\n\t\t\t\t\t\t\t\t\t\t<\/figure>\n\t\t\t\t\t\t\t<\/div>\n\t\t\t\t<\/div>\n\t\t\t\t<div class=\"elementor-element elementor-element-e6751be elementor-widget elementor-widget-heading\" data-id=\"e6751be\" data-element_type=\"widget\" data-widget_type=\"heading.default\">\n\t\t\t\t<div class=\"elementor-widget-container\">\n\t\t\t<h6 class=\"elementor-heading-title elementor-size-default\">Do\u011fum i\u00e7in Hediyelikler<\/h6>\t\t<\/div>\n\t\t\t\t<\/div>\n\t\t\t\t<\/div>\n\t\t<div class=\"elementor-element elementor-element-461ea77 e-con-full e-flex e-con e-child\" data-id=\"461ea77\" data-element_type=\"container\">\n\t\t\t\t<\/div>\n\t\t\t\t\t<\/div>\n\t\t\t\t<\/div>\n\t\t\t\t<\/div>\n\t\t","protected":false},"excerpt":{"rendered":"<p>ERN Matbaa Nikah \u015eekeri S\u00f6z Ni\u015fan K\u0131na D\u00fc\u011f\u00fcn S\u00fcnnet Mevlidi Bebek Mevlidi Do\u011fum i\u00e7in Hediyelikler<\/p>\n","protected":false},"author":1,"featured_media":0,"parent":0,"menu_order":0,"comment_status":"closed","ping_status":"closed","template":"template-builder.php","meta":{"footnotes":""},"class_list":["post-3337","page","type-page","status-publish","hentry"],"_links":{"self":[{"href":"https:\/\/ernmatbaa.com\/index.php?rest_route=\/wp\/v2\/pages\/3337","targetHints":{"allow":["GET"]}}],"collection":[{"href":"https:\/\/ernmatbaa.com\/index.php?rest_route=\/wp\/v2\/pages"}],"about":[{"href":"https:\/\/ernmatbaa.com\/index.php?rest_route=\/wp\/v2\/types\/page"}],"author":[{"embeddable":true,"href":"https:\/\/ernmatbaa.com\/index.php?rest_route=\/wp\/v2\/users\/1"}],"replies":[{"embeddable":true,"href":"https:\/\/ernmatbaa.com\/index.php?rest_route=%2Fwp%2Fv2%2Fcomments&post=3337"}],"version-history":[{"count":19,"href":"https:\/\/ernmatbaa.com\/index.php?rest_route=\/wp\/v2\/pages\/3337\/revisions"}],"predecessor-version":[{"id":3554,"href":"https:\/\/ernmatbaa.com\/index.php?rest_route=\/wp\/v2\/pages\/3337\/revisions\/3554"}],"wp:attachment":[{"href":"https:\/\/ernmatbaa.com\/index.php?rest_route=%2Fwp%2Fv2%2Fmedia&parent=3337"}],"curies":[{"name":"wp","href":"https:\/\/api.w.org\/{rel}","templated":true}]}}